{"id":1365,"date":"2021-11-09T09:50:52","date_gmt":"2021-11-09T09:50:52","guid":{"rendered":"https:\/\/www.verkaik.nl\/kontakt\/"},"modified":"2024-12-18T18:11:20","modified_gmt":"2024-12-18T18:11:20","slug":"kontakt","status":"publish","type":"page","link":"https:\/\/www.verkaik.nl\/de\/kontakt\/","title":{"rendered":"Kontakt"},"content":{"rendered":"<section class=\"l-section wpb_row height_medium\"><div class=\"l-section-h i-cf\"><div class=\"g-cols vc_row via_flex valign_top type_default stacking_default\"><div class=\"vc_col-sm-6 wpb_column vc_column_container\"><div class=\"vc_column-inner\"><div class=\"wpb_wrapper\"><div class=\"wpb_text_column\"><div class=\"wpb_wrapper\"><h3>Kontakt-Formular<\/h3>\n<\/div><\/div><div class=\"w-separator size_medium\"><\/div>\n<div class=\"wpcf7 no-js\" id=\"wpcf7-f1562-o1\" lang=\"de-DE\" dir=\"ltr\" data-wpcf7-id=\"1562\">\n<div class=\"screen-reader-response\"><p role=\"status\" aria-live=\"polite\" aria-atomic=\"true\"><\/p> <ul><\/ul><\/div>\n<form action=\"\/de\/wp-json\/wp\/v2\/pages\/1365#wpcf7-f1562-o1\" method=\"post\" class=\"wpcf7-form init\" aria-label=\"Kontaktformular\" novalidate=\"novalidate\" data-status=\"init\">\n<fieldset class=\"hidden-fields-container\"><input type=\"hidden\" name=\"_wpcf7\" value=\"1562\" \/><input type=\"hidden\" name=\"_wpcf7_version\" value=\"6.1.2\" \/><input type=\"hidden\" name=\"_wpcf7_locale\" value=\"de_DE\" \/><input type=\"hidden\" name=\"_wpcf7_unit_tag\" value=\"wpcf7-f1562-o1\" \/><input type=\"hidden\" name=\"_wpcf7_container_post\" value=\"0\" \/><input type=\"hidden\" name=\"_wpcf7_posted_data_hash\" value=\"\" \/>\n<\/fieldset>\n<p><label> Ihr Name*<br \/>\n<span class=\"wpcf7-form-control-wrap\" data-name=\"your-name\"><input size=\"40\" maxlength=\"400\" class=\"wpcf7-form-control wpcf7-text wpcf7-validates-as-required\" aria-required=\"true\" aria-invalid=\"false\" value=\"\" type=\"text\" name=\"your-name\" \/><\/span> <\/label>\n<\/p>\n<p><label> Ihre E-Mail Adresse*<br \/>\n<span class=\"wpcf7-form-control-wrap\" data-name=\"your-email\"><input size=\"40\" maxlength=\"400\" class=\"wpcf7-form-control wpcf7-email wpcf7-validates-as-required wpcf7-text wpcf7-validates-as-email\" aria-required=\"true\" aria-invalid=\"false\" value=\"\" type=\"email\" name=\"your-email\" \/><\/span> <\/label>\n<\/p>\n<p><label> Thema*<br \/>\n<span class=\"wpcf7-form-control-wrap\" data-name=\"your-subject\"><input size=\"40\" maxlength=\"400\" class=\"wpcf7-form-control wpcf7-text wpcf7-validates-as-required\" aria-required=\"true\" aria-invalid=\"false\" value=\"\" type=\"text\" name=\"your-subject\" \/><\/span> <\/label>\n<\/p>\n<p><label> Ihre Nachricht*<br \/>\n<span class=\"wpcf7-form-control-wrap\" data-name=\"your-message\"><textarea cols=\"40\" rows=\"10\" maxlength=\"2000\" class=\"wpcf7-form-control wpcf7-textarea wpcf7-validates-as-required\" aria-required=\"true\" aria-invalid=\"false\" name=\"your-message\"><\/textarea><\/span> <\/label>\n<\/p>\n<p><input class=\"wpcf7-form-control wpcf7-submit has-spinner\" type=\"submit\" value=\"Verzenden\" \/> * Bitte f\u00fcllen Sie diese Felder aus, damit Ihre Anfrage ordnungsgem\u00e4\u00df bearbeitet werden kann.\n<\/p><div class=\"wpcf7-response-output\" aria-hidden=\"true\"><\/div>\n<\/form>\n<\/div>\n<div class=\"w-separator size_medium\"><\/div><\/div><\/div><\/div><div class=\"vc_col-sm-6 wpb_column vc_column_container\"><div class=\"vc_column-inner\"><div class=\"wpb_wrapper\"><div class=\"wpb_text_column\"><div class=\"wpb_wrapper\"><h3>Unsere Daten<\/h3>\n<\/div><\/div><div class=\"w-separator size_medium\"><\/div><div class=\"w-hwrapper valign_top align_none\" style=\"--hwrapper-gap:1rem\"><div class=\"w-iconbox iconpos_top style_default color_primary align_center no_text no_title\"><div class=\"w-iconbox-icon\" style=\"font-size:2rem;\"><i class=\"fas fa-home\"><\/i><\/div><div class=\"w-iconbox-meta\"><\/div><\/div><div class=\"wpb_text_column us_custom_793032d7 has_text_color\"><div class=\"wpb_wrapper\"><p><a href=\"https:\/\/goo.gl\/maps\/xQnRJgtCVzqJDLTS7\" target=\"_blank\" rel=\"noopener\">Albert Plesmanweg 108 &#8211; 110 4462 GC Goes Die Niederlande<\/a><\/p>\n<\/div><\/div><\/div><div class=\"w-separator size_medium\"><\/div><div class=\"w-hwrapper valign_top align_none\" style=\"--hwrapper-gap:2rem\"><div class=\"w-iconbox iconpos_top style_default color_primary align_center no_text no_title\"><div class=\"w-iconbox-icon\" style=\"font-size:2rem;\"><i class=\"fas fa-mobile\"><\/i><\/div><div class=\"w-iconbox-meta\"><\/div><\/div><div class=\"wpb_text_column us_custom_793032d7 has_text_color\"><div class=\"wpb_wrapper\"><p><a href=\"tel:0031118638050\" target=\"_blank\" rel=\"noopener\">0118 &#8211; 63 80 50<\/a><\/p>\n<\/div><\/div><\/div><div class=\"w-separator size_medium\"><\/div><div class=\"w-hwrapper valign_top align_none\" style=\"--hwrapper-gap:1.5rem\"><div class=\"w-iconbox iconpos_top style_default color_primary align_center no_text no_title\"><div class=\"w-iconbox-icon\" style=\"font-size:2rem;\"><i class=\"fas fa-envelope\"><\/i><\/div><div class=\"w-iconbox-meta\"><\/div><\/div><div class=\"wpb_text_column us_custom_793032d7 has_text_color\"><div class=\"wpb_wrapper\"><p><a href=\"mailto:info@verkaik.nl\" target=\"_blank\" rel=\"noopener\">info@verkaik.nl<\/a><\/p>\n<\/div><\/div><\/div><div class=\"w-separator size_medium with_line width_default thick_1 style_solid color_border align_center\"><div class=\"w-separator-h\"><\/div><\/div><div class=\"wpb_text_column\"><div class=\"wpb_wrapper\"><h3>Datenschutz, Cookies und mehr<\/h3>\n<\/div><\/div><div class=\"w-separator size_medium\"><\/div><div class=\"w-hwrapper valign_top align_none\" style=\"--hwrapper-gap:1.5rem\"><div class=\"w-iconbox iconpos_top style_default color_primary align_center no_text no_title\"><div class=\"w-iconbox-icon\" style=\"font-size:2rem;\"><i class=\"fas fa-cookie\"><\/i><\/div><div class=\"w-iconbox-meta\"><\/div><\/div><div class=\"wpb_text_column us_custom_793032d7 has_text_color\"><div class=\"wpb_wrapper\"><p><a href=\"https:\/\/www.verkaik.nl\/cookie-policy-eu\/?cmplz_region_redirect=true\">Cookies<\/a><\/p>\n<\/div><\/div><\/div><div class=\"w-separator size_medium\"><\/div><div class=\"w-hwrapper valign_top align_none\" style=\"--hwrapper-gap:1.5rem\"><div class=\"w-iconbox iconpos_top style_default color_primary align_center no_text no_title\"><div class=\"w-iconbox-icon\" style=\"font-size:2rem;\"><i class=\"fas fa-shield\"><\/i><\/div><div class=\"w-iconbox-meta\"><\/div><\/div><div class=\"wpb_text_column us_custom_793032d7 has_text_color\"><div class=\"wpb_wrapper\"><p><a href=\"https:\/\/www.verkaik.nl\/privacy-statement-eu\/?cmplz_region_redirect=true\">Datenschutz<\/a><\/p>\n<\/div><\/div><\/div><div class=\"w-separator size_medium\"><\/div><div class=\"w-hwrapper valign_top align_none\" style=\"--hwrapper-gap:1.5rem\"><div class=\"w-iconbox iconpos_top style_default color_primary align_center no_text no_title\"><div class=\"w-iconbox-icon\" style=\"font-size:2rem;\"><i class=\"fas fa-hand-paper\"><\/i><\/div><div class=\"w-iconbox-meta\"><\/div><\/div><div class=\"wpb_text_column us_custom_793032d7 has_text_color\"><div class=\"wpb_wrapper\"><p><a href=\"https:\/\/www.verkaik.nl\/disclaimer\/\">Haftungsausschluss<\/a><\/p>\n<\/div><\/div><\/div><div class=\"w-separator size_medium\"><\/div><div class=\"w-hwrapper valign_top align_none\" style=\"--hwrapper-gap:1.5rem\"><div class=\"w-iconbox iconpos_top style_default color_primary align_center no_text no_title\"><div class=\"w-iconbox-icon\" style=\"font-size:2rem;\"><i class=\"fas fa-hand-paper\"><\/i><\/div><div class=\"w-iconbox-meta\"><\/div><\/div><div class=\"wpb_text_column us_custom_793032d7 has_text_color\"><div class=\"wpb_wrapper\"><p><a href=\"https:\/\/www.verkaik.nl\/wp-content\/uploads\/2024\/12\/2024-Duits-PPP-Leveringsvoorwaarden-docx.pdf\" target=\"_blank\" rel=\"noopener\">PPP Lieferbedingungen<\/a><\/p>\n<\/div><\/div><\/div><div class=\"w-separator size_medium\"><\/div><\/div><\/div><\/div><\/div><\/div><\/section><section class=\"l-section wpb_row height_auto width_full\"><div class=\"l-section-h i-cf\"><div class=\"g-cols vc_row via_flex valign_top type_default stacking_default\"><div class=\"vc_col-sm-12 wpb_column vc_column_container\"><div class=\"vc_column-inner\"><div class=\"wpb_wrapper\"><div class=\"wpb_text_column\"><div class=\"wpb_wrapper\"><h2 style=\"text-align: center;\">Hier finden Sie uns<\/h2>\n<\/div><\/div><div class=\"w-separator size_medium\"><\/div><div class=\"w-map provider_osm\" id=\"us_map_1\"><div class=\"w-map-inner\"><div class=\"w-map-json\" onclick='return {&quot;address&quot;:&quot;51.4959974,3.8739613&quot;,&quot;disableDragging&quot;:0,&quot;disableZoom&quot;:1,&quot;hideControls&quot;:0,&quot;zoom&quot;:15,&quot;markers&quot;:[{&quot;address&quot;:&quot;51.4959974,3.8739613&quot;,&quot;html&quot;:&quot;&lt;h6&gt;Verkaik Business Geschenke&lt;\\\/h6&gt;\\n&lt;p&gt;Albert Plesman 108 - 110&lt;br&gt;\\n4462 GC GOES&lt;br&gt;\\nNiederlande&lt;br&gt;\\n&lt;a href=\\&quot;https:\\\/\\\/goo.gl\\\/maps\\\/xQnRJgtCVzqJDLTS7\\&quot; target=\\&quot;_blank\\&quot;&gt;Route planen&lt;\\\/a&gt;&lt;\\\/p&gt;&quot;,&quot;infowindow&quot;:0},{&quot;address&quot;:&quot;Albert Plesmanweg 108 - 110 4462 GC Goes Die Niederlande&quot;,&quot;html&quot;:&quot;&quot;,&quot;marker_img&quot;:null,&quot;marker_size&quot;:[&quot;30&quot;,&quot;30&quot;]}],&quot;style&quot;:&quot;https:\\\/\\\/{s}.tile.openstreetmap.org\\\/{z}\\\/{x}\\\/{y}.png&quot;}'><\/div><\/div><\/div><\/div><\/div><\/div><\/div><\/div><\/section>\n","protected":false},"excerpt":{"rendered":"Kontakt-Formular Ihr Name* Ihre E-Mail Adresse* Thema* Ihre Nachricht* * Bitte f\u00fcllen Sie diese Felder aus, damit Ihre Anfrage ordnungsgem\u00e4\u00df bearbeitet werden kann. Unsere Daten Albert Plesmanweg 108 &#8211; 110 4462 GC Goes Die Niederlande 0118 &#8211; 63 80 50 info@verkaik.nl Datenschutz, Cookies und mehr Cookies Datenschutz Haftungsausschluss PPP Lieferbedingungen Hier finden Sie uns","protected":false},"author":1,"featured_media":1080,"parent":0,"menu_order":0,"comment_status":"closed","ping_status":"open","template":"","meta":{"_acf_changed":false,"_monsterinsights_skip_tracking":false,"_monsterinsights_sitenote_active":false,"_monsterinsights_sitenote_note":"","_monsterinsights_sitenote_category":0,"footnotes":""},"class_list":["post-1365","page","type-page","status-publish","has-post-thumbnail","hentry"],"acf":[],"_links":{"self":[{"href":"https:\/\/www.verkaik.nl\/de\/wp-json\/wp\/v2\/pages\/1365","targetHints":{"allow":["GET"]}}],"collection":[{"href":"https:\/\/www.verkaik.nl\/de\/wp-json\/wp\/v2\/pages"}],"about":[{"href":"https:\/\/www.verkaik.nl\/de\/wp-json\/wp\/v2\/types\/page"}],"author":[{"embeddable":true,"href":"https:\/\/www.verkaik.nl\/de\/wp-json\/wp\/v2\/users\/1"}],"replies":[{"embeddable":true,"href":"https:\/\/www.verkaik.nl\/de\/wp-json\/wp\/v2\/comments?post=1365"}],"version-history":[{"count":0,"href":"https:\/\/www.verkaik.nl\/de\/wp-json\/wp\/v2\/pages\/1365\/revisions"}],"wp:featuredmedia":[{"embeddable":true,"href":"https:\/\/www.verkaik.nl\/de\/wp-json\/wp\/v2\/media\/1080"}],"wp:attachment":[{"href":"https:\/\/www.verkaik.nl\/de\/wp-json\/wp\/v2\/media?parent=1365"}],"curies":[{"name":"wp","href":"https:\/\/api.w.org\/{rel}","templated":true}]}}