{"id":1403,"date":"2022-05-05T12:39:44","date_gmt":"2022-05-05T12:39:44","guid":{"rendered":"https:\/\/www.verkaik.nl\/verkaik-werbegeschenke-in-goes\/"},"modified":"2023-02-19T13:55:24","modified_gmt":"2023-02-19T13:55:24","slug":"verkaik-werbegeschenke-in-goes","status":"publish","type":"page","link":"https:\/\/www.verkaik.nl\/de\/","title":{"rendered":"Verkaik Werbegeschenke in Goes"},"content":{"rendered":"<section class=\"l-section wpb_row us_custom_b4f16354 height_auto full_height valign_bottom\"><div class=\"l-section-h i-cf\"><div class=\"g-cols vc_row via_flex valign_top type_default stacking_default\"><div class=\"vc_col-sm-12 wpb_column vc_column_container\"><div class=\"vc_column-inner\"><div class=\"wpb_wrapper\"><div class=\"w-scroller style_2 pos_right with_dots\" aria-hidden=\"true\" data-speed=\"1000\" data-disablewidth=\"768\" data-footer-dots=\"true\"><div class=\"w-scroller-dots\" style=\"font-size:20px;color:var(--color-content-bg);\"><div class=\"w-scroller-dot\" role=\"button\"><span><\/span><\/div><\/div><\/div><div class=\"g-cols wpb_row via_flex valign_middle type_default stacking_default\"><div class=\"vc_col-sm-12 vc_col-md-3\/5 wpb_column vc_column_container\"><div class=\"vc_column-inner\"><div class=\"wpb_wrapper\"><div class=\"w-image us_custom_6aea74a3 us_animate_this hide_on_mobiles align_none\"><div class=\"w-image-h\"><img decoding=\"async\" src=\"https:\/\/www.verkaik.nl\/wp-content\/uploads\/2022\/05\/verkaik-logo-no-bv-wit-2022-02.svg\" class=\"attachment-full size-full\" alt=\"\" loading=\"lazy\" \/><\/div><\/div><div class=\"w-image us_custom_6aea74a3 us_animate_this hide_on_default hide_on_laptops hide_on_tablets align_none\"><div class=\"w-image-h\"><img decoding=\"async\" src=\"https:\/\/www.verkaik.nl\/wp-content\/uploads\/2022\/03\/verkaik-icon-2022.svg\" class=\"attachment-full size-full\" alt=\"\" loading=\"lazy\" \/><\/div><\/div><\/div><\/div><\/div><div class=\"vc_col-sm-12 vc_col-md-2\/5 vc_hidden-sm vc_hidden-xs wpb_column vc_column_container\"><div class=\"vc_column-inner\"><div class=\"wpb_wrapper\"><\/div><\/div><\/div><\/div><div class=\"w-iconbox us_custom_d25cc22a ps2id iconpos_top style_default color_custom align_center no_text no_title\"><a href=\"#Inhalt\" class=\"w-iconbox-link\" aria-label=\"fas|arrow-alt-circle-down\"><div class=\"w-iconbox-icon\" style=\"font-size:2rem;--icon-color:#ffffff;\"><i class=\"fas fa-arrow-alt-circle-down\"><\/i><\/div><\/a><div class=\"w-iconbox-meta\"><\/div><\/div><div class=\"w-image us_custom_d83fbe3d hide_on_default hide_on_laptops hide_on_tablets align_center has_bg_color\"><div class=\"w-image-h\"><img decoding=\"async\" src=\"https:\/\/www.verkaik.nl\/wp-content\/uploads\/2022\/05\/verkaik-logo-typo-no-bv-2022.svg\" class=\"attachment-full size-full\" alt=\"\" loading=\"lazy\" \/><\/div><\/div><\/div><\/div><\/div><\/div><\/div><\/section><section class=\"l-section wpb_row height_medium\" id=\"Inhalt\"><div class=\"l-section-h i-cf\"><div class=\"g-cols vc_row via_flex valign_middle type_default reversed stacking_default\"><div class=\"vc_col-sm-12 wpb_column vc_column_container\"><div class=\"vc_column-inner\"><div class=\"wpb_wrapper\"><div class=\"wpb_text_column us_custom_9b450579 has_text_color\"><div class=\"wpb_wrapper\"><h1 style=\"font-size: 2rem;\">Willkommen bei Verkaik Werbegeschenke in Goes<\/h1>\n<\/div><\/div><div class=\"g-cols wpb_row via_flex valign_top type_default stacking_default\" style=\"--additional-gap:2rem;\"><div class=\"vc_col-sm-12 vc_col-md-6 wpb_column vc_column_container has_bg_color\"><div class=\"vc_column-inner us_custom_680a50de\"><div class=\"wpb_wrapper\"><div class=\"wpb_text_column\"><div class=\"wpb_wrapper\"><h2 style=\"text-align: center;\">Verkaik Werbegeschenke<\/h2>\n<\/div><\/div><div class=\"w-image align_none\"><div class=\"w-image-h\"><img decoding=\"async\" width=\"800\" height=\"800\" src=\"https:\/\/www.verkaik.nl\/wp-content\/uploads\/2022\/05\/mugs.png\" class=\"attachment-full size-full\" alt=\"\" loading=\"lazy\" srcset=\"https:\/\/www.verkaik.nl\/wp-content\/uploads\/2022\/05\/mugs.png 800w, https:\/\/www.verkaik.nl\/wp-content\/uploads\/2022\/05\/mugs-300x300.png 300w, https:\/\/www.verkaik.nl\/wp-content\/uploads\/2022\/05\/mugs-150x150.png 150w\" sizes=\"auto, (max-width: 800px) 100vw, 800px\" \/><\/div><\/div><div class=\"wpb_text_column\"><div class=\"wpb_wrapper\"><p>Wenn Sie auf der Suche nach bedruckten oder <a href=\"https:\/\/www.verkaik.nl\/pen-kopen-en-graveren\/\">gravierten Kugelschreibern<\/a>, sch\u00f6n bedruckter Firmenkleidung oder Geschirr sind, sind Sie bei Verkaik Werbegeschenke in Goes an der richtigen Adresse. Nat\u00fcrlich liefern wir auch unbedruckte Produkte. Sie k\u00f6nnen ein Produkt nicht finden? Wenn ja, k\u00f6nnen Sie sich gerne an uns wenden.<\/p>\n<\/div><\/div><div class=\"w-separator hide_on_default hide_on_laptops size_medium\"><\/div><div class=\"w-btn-wrapper align_justify\"><a class=\"w-btn us-btn-style_3\" href=\"https:\/\/www.verkaik.nl\/relatiegeschenken\/\"><span class=\"w-btn-label\">Unsere Werbegeschenke ansehen<\/span><\/a><\/div><div class=\"w-separator hide_on_default hide_on_laptops size_medium\"><\/div><\/div><\/div><\/div><div class=\"vc_col-sm-12 vc_col-md-6 wpb_column vc_column_container has_bg_color\"><div class=\"vc_column-inner us_custom_0cc40a9f\"><div class=\"wpb_wrapper\"><div class=\"wpb_text_column\"><div class=\"wpb_wrapper\"><h2 style=\"text-align: center;\">Verkaik Sports Auszeichnungen<\/h2>\n<\/div><\/div><div class=\"w-image align_none\"><div class=\"w-image-h\"><img decoding=\"async\" width=\"800\" height=\"800\" src=\"https:\/\/www.verkaik.nl\/wp-content\/uploads\/2022\/05\/webtrofee.png\" class=\"attachment-full size-full\" alt=\"\" loading=\"lazy\" srcset=\"https:\/\/www.verkaik.nl\/wp-content\/uploads\/2022\/05\/webtrofee.png 800w, https:\/\/www.verkaik.nl\/wp-content\/uploads\/2022\/05\/webtrofee-300x300.png 300w, https:\/\/www.verkaik.nl\/wp-content\/uploads\/2022\/05\/webtrofee-150x150.png 150w\" sizes=\"auto, (max-width: 800px) 100vw, 800px\" \/><\/div><\/div><div class=\"wpb_text_column\"><div class=\"wpb_wrapper\"><p>Wir haben auch eine gro\u00dfe Auswahl an Sportpreisen und bieten die M\u00f6glichkeit, Ihr <a href=\"https:\/\/www.verkaik.nl\/bedrijfslogo-bedrukken\/\">Logo <\/a>oder Bild auf einem ausgew\u00e4hlten Produkt anzubringen. Alle unsere Sportpreise k\u00f6nnen mit einer Platte versehen werden, die wir gravieren k\u00f6nnen.<\/p>\n<\/div><\/div><div class=\"w-separator hide_on_default hide_on_laptops size_medium\"><\/div><div class=\"w-btn-wrapper align_justify\"><a class=\"w-btn us-btn-style_3\" href=\"https:\/\/www.verkaik.nl\/sportprijzen\/\"><span class=\"w-btn-label\">Unsere Sportauszeichnungen ansehen<\/span><\/a><\/div><div class=\"w-separator hide_on_default hide_on_laptops size_medium\"><\/div><\/div><\/div><\/div><\/div><\/div><\/div><\/div><\/div><\/div><\/section>\n","protected":false},"excerpt":{"rendered":"Willkommen bei Verkaik Werbegeschenke in Goes Verkaik Werbegeschenke Wenn Sie auf der Suche nach bedruckten oder gravierten Kugelschreibern, sch\u00f6n bedruckter Firmenkleidung oder Geschirr sind, sind Sie bei Verkaik Werbegeschenke in Goes an der richtigen Adresse. Nat\u00fcrlich liefern wir auch unbedruckte Produkte. Sie k\u00f6nnen ein Produkt nicht finden? Wenn ja, k\u00f6nnen Sie sich gerne an uns...","protected":false},"author":1,"featured_media":0,"parent":0,"menu_order":0,"comment_status":"closed","ping_status":"open","template":"","meta":{"_acf_changed":false,"_monsterinsights_skip_tracking":false,"_monsterinsights_sitenote_active":false,"_monsterinsights_sitenote_note":"","_monsterinsights_sitenote_category":0,"footnotes":""},"class_list":["post-1403","page","type-page","status-publish","hentry"],"acf":[],"_links":{"self":[{"href":"https:\/\/www.verkaik.nl\/de\/wp-json\/wp\/v2\/pages\/1403","targetHints":{"allow":["GET"]}}],"collection":[{"href":"https:\/\/www.verkaik.nl\/de\/wp-json\/wp\/v2\/pages"}],"about":[{"href":"https:\/\/www.verkaik.nl\/de\/wp-json\/wp\/v2\/types\/page"}],"author":[{"embeddable":true,"href":"https:\/\/www.verkaik.nl\/de\/wp-json\/wp\/v2\/users\/1"}],"replies":[{"embeddable":true,"href":"https:\/\/www.verkaik.nl\/de\/wp-json\/wp\/v2\/comments?post=1403"}],"version-history":[{"count":0,"href":"https:\/\/www.verkaik.nl\/de\/wp-json\/wp\/v2\/pages\/1403\/revisions"}],"wp:attachment":[{"href":"https:\/\/www.verkaik.nl\/de\/wp-json\/wp\/v2\/media?parent=1403"}],"curies":[{"name":"wp","href":"https:\/\/api.w.org\/{rel}","templated":true}]}}