{"id":1412,"date":"2021-11-09T09:47:37","date_gmt":"2021-11-09T09:47:37","guid":{"rendered":"https:\/\/www.verkaik.nl\/ueber-uns\/"},"modified":"2023-02-19T15:29:13","modified_gmt":"2023-02-19T15:29:13","slug":"ueber-uns","status":"publish","type":"page","link":"https:\/\/www.verkaik.nl\/de\/ueber-uns\/","title":{"rendered":"\u00dcber uns"},"content":{"rendered":"<section class=\"l-section wpb_row height_medium\"><div class=\"l-section-h i-cf\"><div class=\"g-cols vc_row via_flex valign_top type_default stacking_default\"><div class=\"vc_col-sm-12 vc_col-md-9 wpb_column vc_column_container\"><div class=\"vc_column-inner\"><div class=\"wpb_wrapper\"><div class=\"wpb_text_column\"><div class=\"wpb_wrapper\"><h3>Eine vertrauensw\u00fcrdige Adresse mit einer langen Geschichte<\/h3>\n<p>Verkaik ist seit Jahrzehnten als vertrauensw\u00fcrdige Adresse f\u00fcr Firmengeschenke und Sportauszeichnungen bekannt. Wir beliefern Unternehmen, Institutionen, Verb\u00e4nde und Privatpersonen innerhalb und au\u00dferhalb der Niederlande. Zuverl\u00e4ssigkeit, guter Service und schnelle Lieferung haben f\u00fcr uns oberste Priorit\u00e4t.<\/p>\n<h3>Umfangreiches Netz von Lieferanten<\/h3>\n<p>Wir haben im Laufe der Jahre ein umfangreiches Netzwerk von Herstellern und Lieferanten aufgebaut, das uns eine gro\u00dfe Auswahl und Vielfalt erm\u00f6glicht. Wir f\u00fchren einen Gro\u00dfteil der Personalisierung und Endbearbeitung unserer Sportpreise und Werbegeschenke im eigenen Haus durch. Das bedeutet Flexibilit\u00e4t, schnelle Lieferung und Vielseitigkeit.<\/p>\n<h3>Immer die richtige L\u00f6sung<\/h3>\n<p>Verkaik ber\u00e4t Sie gerne pers\u00f6nlich bei der Auswahl Ihrer PR-Materialien, Erinnerungsst\u00fccke, Jubil\u00e4en, Auszeichnungen oder Preise. Gemeinsam finden wir immer die richtige L\u00f6sung, die perfekt auf Ihre pers\u00f6nlichen Anforderungen und Ihr Budget zugeschnitten ist. Wir arbeiten eng zusammen mit <strong><a href=\"https:\/\/www.delangegrafimedia.nl\" target=\"_blank\" rel=\"noopener\">De Lange Grafimedia<\/a><\/strong> in Goes zusammen, so dass wir Ihnen alle M\u00f6glichkeiten bieten k\u00f6nnen, die Sie ben\u00f6tigen, um ein einzigartiges und pers\u00f6nliches Design zu entwerfen und zu realisieren.<\/p>\n<p>Mit unserem <a href=\"http:\/\/shop.verkaik.nl\/\" target=\"_blank\" rel=\"noopener\"><strong>Webshop<\/strong><\/a> bieten wir Ihnen zus\u00e4tzlichen Bestellkomfort. So k\u00f6nnen Sie jederzeit und \u00fcberall unser Sortiment einsehen und den Sportpreis oder das Firmengeschenk Ihrer Wahl bestellen!<\/p>\n<\/div><\/div><\/div><\/div><\/div><div class=\"vc_col-sm-12 vc_col-md-3 wpb_column vc_column_container\"><div class=\"vc_column-inner us_custom_94634b80\"><div class=\"wpb_wrapper\"><div class=\"w-vwrapper align_none valign_top\"><div class=\"w-image us_custom_5070380f align_left\"><div class=\"w-image-h\"><img decoding=\"async\" width=\"300\" height=\"300\" src=\"https:\/\/www.verkaik.nl\/wp-content\/uploads\/2022\/05\/paul-visser-300x300.jpg\" class=\"attachment-medium size-medium\" alt=\"\" loading=\"lazy\" srcset=\"https:\/\/www.verkaik.nl\/wp-content\/uploads\/2022\/05\/paul-visser-300x300.jpg 300w, https:\/\/www.verkaik.nl\/wp-content\/uploads\/2022\/05\/paul-visser-150x150.jpg 150w, https:\/\/www.verkaik.nl\/wp-content\/uploads\/2022\/05\/paul-visser.jpg 800w\" sizes=\"auto, (max-width: 300px) 100vw, 300px\" \/><\/div><\/div><div class=\"w-separator size_small\"><\/div><div class=\"wpb_text_column\"><div class=\"wpb_wrapper\"><h5>Paul Visser<\/h5>\n<p><em>Gesch\u00e4ftsf\u00fchrerin Verkaik Werbegeschenke<\/em><\/p>\n<\/div><\/div><\/div><div class=\"w-separator size_medium with_line width_default thick_1 style_solid color_border align_center\"><div class=\"w-separator-h\"><\/div><\/div><div class=\"w-vwrapper align_none valign_top\"><div class=\"wpb_text_column\"><div class=\"wpb_wrapper\"><h3>M\u00f6chten Sie mehr erfahren?<\/h3>\n<\/div><\/div><div class=\"w-separator size_small\"><\/div><div class=\"w-btn-wrapper align_justify\"><a class=\"w-btn us-btn-style_3\" title=\"Kontakt\" href=\"https:\/\/www.verkaik.nl\/de\/kontakt\/\"><span class=\"w-btn-label\">Kontakt Verkaik<\/span><\/a><\/div><\/div><\/div><\/div><\/div><\/div><\/div><\/section>\n","protected":false},"excerpt":{"rendered":"Eine vertrauensw\u00fcrdige Adresse mit einer langen Geschichte Verkaik ist seit Jahrzehnten als vertrauensw\u00fcrdige Adresse f\u00fcr Firmengeschenke und Sportauszeichnungen bekannt. Wir beliefern Unternehmen, Institutionen, Verb\u00e4nde und Privatpersonen innerhalb und au\u00dferhalb der Niederlande. Zuverl\u00e4ssigkeit, guter Service und schnelle Lieferung haben f\u00fcr uns oberste Priorit\u00e4t. Umfangreiches Netz von Lieferanten Wir haben im Laufe der Jahre ein umfangreiches Netzwerk...","protected":false},"author":1,"featured_media":1083,"parent":0,"menu_order":0,"comment_status":"closed","ping_status":"open","template":"","meta":{"_acf_changed":false,"_monsterinsights_skip_tracking":false,"_monsterinsights_sitenote_active":false,"_monsterinsights_sitenote_note":"","_monsterinsights_sitenote_category":0,"footnotes":""},"class_list":["post-1412","page","type-page","status-publish","has-post-thumbnail","hentry"],"acf":[],"_links":{"self":[{"href":"https:\/\/www.verkaik.nl\/de\/wp-json\/wp\/v2\/pages\/1412","targetHints":{"allow":["GET"]}}],"collection":[{"href":"https:\/\/www.verkaik.nl\/de\/wp-json\/wp\/v2\/pages"}],"about":[{"href":"https:\/\/www.verkaik.nl\/de\/wp-json\/wp\/v2\/types\/page"}],"author":[{"embeddable":true,"href":"https:\/\/www.verkaik.nl\/de\/wp-json\/wp\/v2\/users\/1"}],"replies":[{"embeddable":true,"href":"https:\/\/www.verkaik.nl\/de\/wp-json\/wp\/v2\/comments?post=1412"}],"version-history":[{"count":0,"href":"https:\/\/www.verkaik.nl\/de\/wp-json\/wp\/v2\/pages\/1412\/revisions"}],"wp:featuredmedia":[{"embeddable":true,"href":"https:\/\/www.verkaik.nl\/de\/wp-json\/wp\/v2\/media\/1083"}],"wp:attachment":[{"href":"https:\/\/www.verkaik.nl\/de\/wp-json\/wp\/v2\/media?parent=1412"}],"curies":[{"name":"wp","href":"https:\/\/api.w.org\/{rel}","templated":true}]}}