{"id":1424,"date":"2021-11-09T09:08:12","date_gmt":"2021-11-09T09:08:12","guid":{"rendered":"https:\/\/www.verkaik.nl\/werbegeschenke\/"},"modified":"2023-02-19T15:37:45","modified_gmt":"2023-02-19T15:37:45","slug":"werbegeschenke","status":"publish","type":"page","link":"https:\/\/www.verkaik.nl\/de\/werbegeschenke\/","title":{"rendered":"Werbegeschenke"},"content":{"rendered":"<section class=\"l-section wpb_row height_medium\"><div class=\"l-section-h i-cf\"><div class=\"g-cols vc_row via_flex valign_top type_default stacking_default\"><div class=\"vc_col-sm-12 vc_col-md-2\/5 wpb_column vc_column_container\"><div class=\"vc_column-inner\"><div class=\"wpb_wrapper\"><div class=\"wpb_text_column\"><div class=\"wpb_wrapper\"><h3>Sie suchen nach originellen Werbegeschenken mit Logo?<\/h3>\n<p>Dann werfen Sie einen Blick auf unser Angebot unten! Wir haben ein vielf\u00e4ltiges Angebot, das Ihren Bed\u00fcrfnissen entspricht. Wenn Sie auf der Suche nach bedruckten oder gravierten Kugelschreibern, sch\u00f6ner bedruckter Firmenkleidung sind. Oder denken Sie an Keramik wie Tassen oder Gl\u00e4ser, dann sind Sie bei Verkaik an der richtigen Adresse. Schauen Sie sich die untenstehenden Kategorien f\u00fcr Firmengeschenke an, um einen kleinen Einblick in unser Angebot zu erhalten. Nat\u00fcrlich liefern wir auch unbedruckte Produkte. Wenn Sie dann immer noch kein Produkt finden, k\u00f6nnen Sie uns gerne kontaktieren.<\/p>\n<p>Wenn Sie eine Bestellung aufgeben m\u00f6chten oder weitere Informationen w\u00fcnschen, k\u00f6nnen Sie uns gerne eine E-Mail \u00fcber das <a href=\"http:\/\/www.verkaik.nl\/contact\" target=\"_self\" rel=\"noopener noreferrer\"><strong>Kontakt-Formular<\/strong><\/a> unter Angabe des Produkttyps\/-namens und ggf. der Produktnummer.<\/p>\n<\/div><\/div><div class=\"w-separator size_medium\"><\/div><div class=\"wpb_text_column\"><div class=\"wpb_wrapper\"><h3>Direkt zu unserem Webshop f\u00fcr Werbegeschenke?<\/h3>\n<p>In unserem Webshop finden Sie eine riesige Auswahl an Werbegeschenken in allen erdenklichen Produktkategorien. Mit einem Firmengeschenk von Verkaik punkten Sie immer und k\u00f6nnen sich einer sch\u00f6nen Visitenkarte sicher sein.<\/p>\n<\/div><\/div><div class=\"w-btn-wrapper align_justify\"><a class=\"w-btn us-btn-style_1\" target=\"_blank\" rel=\"nofollow\" href=\"http:\/\/toppromogifts.nl\/\"><span class=\"w-btn-label\">Zu unserem Webshop f\u00fcr Werbegeschenke<\/span><\/a><\/div><div class=\"w-separator size_medium\"><\/div><div class=\"wpb_text_column\"><div class=\"wpb_wrapper\"><h3>Unsere Kataloge ansehen<\/h3>\n<\/div><\/div><div class=\"w-separator size_medium\"><\/div><div class=\"w-hwrapper valign_top align_justify\" style=\"--hwrapper-gap:1rem\"><div class=\"w-image align_none\"><a title=\"Katalog 2021\" target=\"_blank\" rel=\"nofollow\" href=\"https:\/\/viewer.ipaper.io\/CL\/nl\/cl\/catalogue-2021\/catalogue-2021-nlnoprices\/?page=1\" aria-label=\"#image_title\" class=\"w-image-h\"><img decoding=\"async\" width=\"300\" height=\"300\" src=\"https:\/\/www.verkaik.nl\/wp-content\/uploads\/2022\/05\/Catalogus-2021-300x300.jpg\" class=\"attachment-medium size-medium\" alt=\"\" loading=\"lazy\" srcset=\"https:\/\/www.verkaik.nl\/wp-content\/uploads\/2022\/05\/Catalogus-2021-300x300.jpg 300w, https:\/\/www.verkaik.nl\/wp-content\/uploads\/2022\/05\/Catalogus-2021-150x150.jpg 150w, https:\/\/www.verkaik.nl\/wp-content\/uploads\/2022\/05\/Catalogus-2021.jpg 800w\" sizes=\"auto, (max-width: 300px) 100vw, 300px\" \/><\/a><\/div><div class=\"w-image align_none\"><a title=\"St\u00e4rken Sie Ihre Marke\" target=\"_blank\" rel=\"nofollow\" href=\"https:\/\/viewer.ipaper.io\/CL\/boost-your-brand-2021\/nl\/boost-your-brand-2021-nl\/?page=1\" aria-label=\"#image_title\" class=\"w-image-h\"><img decoding=\"async\" width=\"300\" height=\"300\" src=\"https:\/\/www.verkaik.nl\/wp-content\/uploads\/2022\/05\/boost-brand-square-300x300.jpg\" class=\"attachment-medium size-medium\" alt=\"\" loading=\"lazy\" srcset=\"https:\/\/www.verkaik.nl\/wp-content\/uploads\/2022\/05\/boost-brand-square-300x300.jpg 300w, https:\/\/www.verkaik.nl\/wp-content\/uploads\/2022\/05\/boost-brand-square-150x150.jpg 150w, https:\/\/www.verkaik.nl\/wp-content\/uploads\/2022\/05\/boost-brand-square.jpg 800w\" sizes=\"auto, (max-width: 300px) 100vw, 300px\" \/><\/a><\/div><\/div><div class=\"w-separator size_medium\"><\/div><div class=\"w-btn-wrapper align_justify\"><a class=\"w-btn us-btn-style_1\" target=\"_blank\" rel=\"nofollow\" href=\"https:\/\/www.verkaik.nl\/wp-content\/uploads\/2022\/05\/Booster-en-Compact_ProductPriceList_NL.xls\"><span class=\"w-btn-label\">Download der Excel-Preisliste<\/span><\/a><\/div><\/div><\/div><\/div><div class=\"vc_col-sm-12 vc_col-md-3\/5 wpb_column vc_column_container\"><div class=\"vc_column-inner\"><div class=\"wpb_wrapper\"><div class=\"w-grid type_grid layout_545 hidden cols_3 valign_center overflow_hidden\" id=\"us_grid_1\" style=\"--columns:3;--gap:0.5rem;\" data-filterable=\"true\"><style>@media (max-width:1024px){#us_grid_1{--columns:2!important}}@media (max-width:600px){#us_grid_1{--columns:1!important}}@media (min-width:1024px){#us_grid_1 .w-post-elm.post_title{font-size:0.8rem!important}}.layout_545 .w-grid-item-h{background:var(--color-content-bg);color:var(--color-content-heading);border-radius:0.2rem;box-shadow:0 0.03rem 0.06rem rgba(0,0,0,0.1),0 0.1rem 0.3rem rgba(0,0,0,0.1);transition-duration:0.3s}.no-touch .layout_545 .w-grid-item-h:hover{box-shadow:0 0.12rem 0.24rem rgba(0,0,0,0.1),0 0.4rem 1.2rem rgba(0,0,0,0.15);z-index:4}.layout_545 .usg_post_title_1{font-size:1.5rem!important;padding:0.5rem 2rem 0.5rem 2rem!important}@media (min-width:1025px) and (max-width:1280px){.layout_545 .usg_post_title_1{font-size:1.2rem!important}}@media (min-width:601px) and (max-width:1024px){.layout_545 .usg_post_title_1{text-align:center!important;font-size:1rem!important}}@media (max-width:600px){.layout_545 .usg_post_title_1{text-align:inherit!important;font-size:1.5rem!important}}<\/style><div class=\"w-grid-list\"><\/div><div class=\"w-grid-preloader\">\t<div class=\"g-preloader type_1\">\r\n\t\t<div><\/div>\r\n\t<\/div>\r\n\t<\/div>\t<div class=\"w-grid-json hidden\" onclick='return {&quot;action&quot;:&quot;us_ajax_grid&quot;,&quot;infinite_scroll&quot;:0,&quot;max_num_pages&quot;:0,&quot;pagination&quot;:&quot;none&quot;,&quot;template_vars&quot;:{&quot;columns&quot;:&quot;3&quot;,&quot;exclude_items&quot;:&quot;none&quot;,&quot;img_size&quot;:&quot;default&quot;,&quot;ignore_items_size&quot;:0,&quot;items_layout&quot;:&quot;545&quot;,&quot;items_offset&quot;:&quot;1&quot;,&quot;load_animation&quot;:&quot;none&quot;,&quot;overriding_link&quot;:&quot;{\\&quot;url\\&quot;:\\&quot;\\&quot;}&quot;,&quot;post_id&quot;:0,&quot;query_args&quot;:{&quot;post_type&quot;:[&quot;dienst&quot;],&quot;tax_query&quot;:[{&quot;taxonomy&quot;:&quot;category&quot;,&quot;field&quot;:&quot;slug&quot;,&quot;terms&quot;:[&quot;Werbegeschenke&quot;]}],&quot;post_status&quot;:[&quot;publish&quot;,&quot;acf-disabled&quot;],&quot;posts_per_page&quot;:&quot;40&quot;},&quot;orderby_query_args&quot;:{&quot;orderby&quot;:&quot;RAND(1194733924)&quot;},&quot;type&quot;:&quot;grid&quot;,&quot;us_grid_post_type&quot;:&quot;dienst&quot;,&quot;us_grid_ajax_index&quot;:1,&quot;us_grid_filter_query_string&quot;:null,&quot;us_grid_index&quot;:1,&quot;page_args&quot;:[],&quot;lang&quot;:&quot;de&quot;}}'><\/div>\r\n\t<\/div><\/div><\/div><\/div><\/div><\/div><\/section>\n","protected":false},"excerpt":{"rendered":"Sie suchen nach originellen Werbegeschenken mit Logo? Dann werfen Sie einen Blick auf unser Angebot unten! Wir haben ein vielf\u00e4ltiges Angebot, das Ihren Bed\u00fcrfnissen entspricht. Wenn Sie auf der Suche nach bedruckten oder gravierten Kugelschreibern, sch\u00f6ner bedruckter Firmenkleidung sind. Oder denken Sie an Keramik wie Tassen oder Gl\u00e4ser, dann sind Sie bei Verkaik an der...","protected":false},"author":1,"featured_media":942,"parent":0,"menu_order":0,"comment_status":"closed","ping_status":"open","template":"","meta":{"_acf_changed":false,"_monsterinsights_skip_tracking":false,"_monsterinsights_sitenote_active":false,"_monsterinsights_sitenote_note":"","_monsterinsights_sitenote_category":0,"footnotes":""},"class_list":["post-1424","page","type-page","status-publish","has-post-thumbnail","hentry"],"acf":[],"_links":{"self":[{"href":"https:\/\/www.verkaik.nl\/de\/wp-json\/wp\/v2\/pages\/1424","targetHints":{"allow":["GET"]}}],"collection":[{"href":"https:\/\/www.verkaik.nl\/de\/wp-json\/wp\/v2\/pages"}],"about":[{"href":"https:\/\/www.verkaik.nl\/de\/wp-json\/wp\/v2\/types\/page"}],"author":[{"embeddable":true,"href":"https:\/\/www.verkaik.nl\/de\/wp-json\/wp\/v2\/users\/1"}],"replies":[{"embeddable":true,"href":"https:\/\/www.verkaik.nl\/de\/wp-json\/wp\/v2\/comments?post=1424"}],"version-history":[{"count":0,"href":"https:\/\/www.verkaik.nl\/de\/wp-json\/wp\/v2\/pages\/1424\/revisions"}],"wp:featuredmedia":[{"embeddable":true,"href":"https:\/\/www.verkaik.nl\/de\/wp-json\/wp\/v2\/media\/942"}],"wp:attachment":[{"href":"https:\/\/www.verkaik.nl\/de\/wp-json\/wp\/v2\/media?parent=1424"}],"curies":[{"name":"wp","href":"https:\/\/api.w.org\/{rel}","templated":true}]}}