{"id":1434,"date":"2022-12-24T14:33:11","date_gmt":"2022-12-24T14:33:11","guid":{"rendered":"https:\/\/www.verkaik.nl\/sportliche-auszeichnungen\/"},"modified":"2023-02-19T15:41:31","modified_gmt":"2023-02-19T15:41:31","slug":"sportliche-auszeichnungen","status":"publish","type":"page","link":"https:\/\/www.verkaik.nl\/de\/sportliche-auszeichnungen\/","title":{"rendered":"Sportliche Auszeichnungen"},"content":{"rendered":"<section class=\"l-section wpb_row height_medium\"><div class=\"l-section-h i-cf\"><div class=\"g-cols vc_row via_flex valign_top type_default stacking_default\"><div class=\"vc_col-sm-12 vc_col-md-2\/5 wpb_column vc_column_container\"><div class=\"vc_column-inner\"><div class=\"wpb_wrapper\"><div class=\"wpb_text_column\"><div class=\"wpb_wrapper\"><h3 class=\"w-post-elm post_custom_field type_text\"><span class=\"w-post-elm-value\">Verkaik hat immer die besten Sportpreise<\/span><\/h3>\n<p>Neben den Standard-Sportauszeichnungen k\u00f6nnen Sie bei Verkaik Werbegeschenke auch spezielle Sportauszeichnungen von Goes bestellen. Erw\u00e4gen Sie eine Auszeichnung f\u00fcr Gewichtheben oder Tontaubenschie\u00dfen. Schlie\u00dflich macht es auch in diesen Sportarten gro\u00dfen Spa\u00df, mit einem Pokal nach Hause zu gehen, wenn man das Spiel gewinnt.<\/p>\n<\/div><\/div><div class=\"w-btn-wrapper align_justify\"><a class=\"w-btn us-btn-style_1\" target=\"_blank\" rel=\"nofollow\" href=\"https:\/\/trendsettingtrophies.co.uk\/bc\/harrie-verkaik\/\"><span class=\"w-btn-label\">Auswahl der Sportpreise<\/span><\/a><\/div><div class=\"w-separator size_medium\"><\/div><div class=\"wpb_text_column\"><div class=\"wpb_wrapper\"><h3>Bestellen Sie Ihre Sportpreise f\u00fcr besondere Sportarten<\/h3>\n<p>Bei uns finden Sie nicht nur Pokale f\u00fcr Sportarten wie <strong><a href=\"http:\/\/www.verkaik.nl\/voetbal-bekers-kopen\/\">Fu\u00dfball<\/a><\/strong> und Golf, sondern auch f\u00fcr Boxen, Fechten, Korfball und den Triathlon. Wenn Sie einen Wettbewerb veranstalten, k\u00f6nnen Sie damit auch <strong><a href=\"http:\/\/www.verkaik.nl\/kampioensbeker-kopen\/\">die Gewinner dieser Sportarten zu belohnen<\/a><\/strong> auf unterhaltsame Weise zu belohnen. Damit wird die harte Arbeit der Gewinner belohnt, die so hart daf\u00fcr gearbeitet haben. Und was k\u00f6nnte eine sch\u00f6nere Art sein, jemanden mit einem sch\u00f6nen Preis aus dem Sport zu belohnen, den er betreibt? Ob Laufen oder Taubenschie\u00dfen, wir haben <strong><a href=\"http:\/\/www.verkaik.nl\/medaille-laten-maken\/\">sch\u00f6ne Sportauszeichnungen<\/a><\/strong> die Sie einfach in unserem Webshop bestellen k\u00f6nnen.<\/p>\n<\/div><\/div><div class=\"w-separator size_medium\"><\/div><div class=\"wpb_text_column\"><div class=\"wpb_wrapper\"><h3>Belohnen Sie harte Arbeit und bestellen Sie einen sch\u00f6nen Sportpreis<\/h3>\n<p>Wenn Sie die harte Arbeit Ihrer Sch\u00fcler, Mannschaftskameraden oder Sportler belohnen wollen, ist es an der Zeit, sch\u00f6ne Sportpreise in unserem Webshop zu bestellen. Die Kategorien sind klar nach Sportarten unterteilt. So finden Sie schnell einen passenden Preis. Sind Sie immer noch nicht dazu gekommen, es zu tun? Oder m\u00f6chten Sie mit einem unserer Mitarbeiter sprechen? Nat\u00fcrlich k\u00f6nnen Sie das! Rufen Sie einfach an oder schicken Sie eine E-Mail, und wir werden gemeinsam eine L\u00f6sung finden!<\/p>\n<\/div><\/div><div class=\"w-separator size_medium\"><\/div><\/div><\/div><\/div><div class=\"vc_col-sm-12 vc_col-md-3\/5 wpb_column vc_column_container\"><div class=\"vc_column-inner\"><div class=\"wpb_wrapper\"><div class=\"w-grid type_grid layout_545 hidden cols_3 valign_center overflow_hidden\" id=\"us_grid_1\" style=\"--columns:3;--gap:0.5rem;\" data-filterable=\"true\"><style>@media (max-width:1024px){#us_grid_1{--columns:2!important}}@media (max-width:600px){#us_grid_1{--columns:1!important}}@media (min-width:1024px){#us_grid_1 .w-post-elm.post_title{font-size:0.8rem!important}}.layout_545 .w-grid-item-h{background:var(--color-content-bg);color:var(--color-content-heading);border-radius:0.2rem;box-shadow:0 0.03rem 0.06rem rgba(0,0,0,0.1),0 0.1rem 0.3rem rgba(0,0,0,0.1);transition-duration:0.3s}.no-touch .layout_545 .w-grid-item-h:hover{box-shadow:0 0.12rem 0.24rem rgba(0,0,0,0.1),0 0.4rem 1.2rem rgba(0,0,0,0.15);z-index:4}.layout_545 .usg_post_title_1{font-size:1.5rem!important;padding:0.5rem 2rem 0.5rem 2rem!important}@media (min-width:1025px) and (max-width:1280px){.layout_545 .usg_post_title_1{font-size:1.2rem!important}}@media (min-width:601px) and (max-width:1024px){.layout_545 .usg_post_title_1{text-align:center!important;font-size:1rem!important}}@media (max-width:600px){.layout_545 .usg_post_title_1{text-align:inherit!important;font-size:1.5rem!important}}<\/style><div class=\"w-grid-list\"><\/div><div class=\"w-grid-preloader\">\t<div class=\"g-preloader type_1\">\r\n\t\t<div><\/div>\r\n\t<\/div>\r\n\t<\/div>\t<div class=\"w-grid-json hidden\" onclick='return {&quot;action&quot;:&quot;us_ajax_grid&quot;,&quot;infinite_scroll&quot;:0,&quot;max_num_pages&quot;:0,&quot;pagination&quot;:&quot;none&quot;,&quot;template_vars&quot;:{&quot;columns&quot;:&quot;3&quot;,&quot;exclude_items&quot;:&quot;none&quot;,&quot;img_size&quot;:&quot;default&quot;,&quot;ignore_items_size&quot;:0,&quot;items_layout&quot;:&quot;545&quot;,&quot;items_offset&quot;:&quot;1&quot;,&quot;load_animation&quot;:&quot;none&quot;,&quot;overriding_link&quot;:&quot;{\\&quot;url\\&quot;:\\&quot;\\&quot;}&quot;,&quot;post_id&quot;:0,&quot;query_args&quot;:{&quot;post_type&quot;:[&quot;dienst&quot;],&quot;tax_query&quot;:[{&quot;taxonomy&quot;:&quot;post_tag&quot;,&quot;field&quot;:&quot;slug&quot;,&quot;terms&quot;:[&quot;Sportauszeichnungen&quot;]}],&quot;post_status&quot;:[&quot;publish&quot;,&quot;acf-disabled&quot;],&quot;posts_per_page&quot;:&quot;40&quot;},&quot;orderby_query_args&quot;:{&quot;orderby&quot;:&quot;RAND(49727677)&quot;},&quot;type&quot;:&quot;grid&quot;,&quot;us_grid_post_type&quot;:&quot;dienst&quot;,&quot;us_grid_ajax_index&quot;:1,&quot;us_grid_filter_query_string&quot;:null,&quot;us_grid_index&quot;:1,&quot;page_args&quot;:[],&quot;lang&quot;:&quot;de&quot;}}'><\/div>\r\n\t<\/div><\/div><\/div><\/div><\/div><\/div><\/section>\n","protected":false},"excerpt":{"rendered":"Verkaik hat immer die besten Sportpreise Neben den Standard-Sportauszeichnungen k\u00f6nnen Sie bei Verkaik Werbegeschenke auch spezielle Sportauszeichnungen von Goes bestellen. Erw\u00e4gen Sie eine Auszeichnung f\u00fcr Gewichtheben oder Tontaubenschie\u00dfen. Schlie\u00dflich macht es auch in diesen Sportarten gro\u00dfen Spa\u00df, mit einem Pokal nach Hause zu gehen, wenn man das Spiel gewinnt. Auswahl der SportpreiseBestellen Sie Ihre Sportpreise...","protected":false},"author":1,"featured_media":942,"parent":0,"menu_order":0,"comment_status":"closed","ping_status":"open","template":"","meta":{"_acf_changed":false,"_monsterinsights_skip_tracking":false,"_monsterinsights_sitenote_active":false,"_monsterinsights_sitenote_note":"","_monsterinsights_sitenote_category":0,"footnotes":""},"class_list":["post-1434","page","type-page","status-publish","has-post-thumbnail","hentry"],"acf":[],"_links":{"self":[{"href":"https:\/\/www.verkaik.nl\/de\/wp-json\/wp\/v2\/pages\/1434","targetHints":{"allow":["GET"]}}],"collection":[{"href":"https:\/\/www.verkaik.nl\/de\/wp-json\/wp\/v2\/pages"}],"about":[{"href":"https:\/\/www.verkaik.nl\/de\/wp-json\/wp\/v2\/types\/page"}],"author":[{"embeddable":true,"href":"https:\/\/www.verkaik.nl\/de\/wp-json\/wp\/v2\/users\/1"}],"replies":[{"embeddable":true,"href":"https:\/\/www.verkaik.nl\/de\/wp-json\/wp\/v2\/comments?post=1434"}],"version-history":[{"count":0,"href":"https:\/\/www.verkaik.nl\/de\/wp-json\/wp\/v2\/pages\/1434\/revisions"}],"wp:featuredmedia":[{"embeddable":true,"href":"https:\/\/www.verkaik.nl\/de\/wp-json\/wp\/v2\/media\/942"}],"wp:attachment":[{"href":"https:\/\/www.verkaik.nl\/de\/wp-json\/wp\/v2\/media?parent=1434"}],"curies":[{"name":"wp","href":"https:\/\/api.w.org\/{rel}","templated":true}]}}