{"id":1380,"date":"2022-05-05T13:03:50","date_gmt":"2022-05-05T13:03:50","guid":{"rendered":"https:\/\/www.verkaik.nl\/nouvelles\/"},"modified":"2023-02-19T13:06:01","modified_gmt":"2023-02-19T13:06:01","slug":"nouvelles","status":"publish","type":"page","link":"https:\/\/www.verkaik.nl\/fr\/nouvelles\/","title":{"rendered":"Nouvelles"},"content":{"rendered":"<section class=\"l-section wpb_row height_medium\"><div class=\"l-section-h i-cf\"><div class=\"g-cols vc_row via_flex valign_top type_default stacking_default\"><div class=\"vc_col-sm-12 wpb_column vc_column_container\"><div class=\"vc_column-inner\"><div class=\"wpb_wrapper\"><div class=\"g-cols wpb_row via_flex valign_top type_default reversed stacking_default\"><div class=\"vc_col-sm-12 vc_col-md-2\/5 wpb_column vc_column_container\"><div class=\"vc_column-inner\"><div class=\"wpb_wrapper\"><div class=\"wpb_text_column\"><div class=\"wpb_wrapper\"><h3>Toujours quelque chose de nouveau chez Verkaik !<\/h3>\n<p>Le march\u00e9 des cadeaux d&rsquo;entreprise et des r\u00e9compenses sportives est dynamique et en constante \u00e9volution. La demande de solutions cr\u00e9atives et originales ne cesse de cro\u00eetre et Verkaik Cadeaux Promotionnels reste \u00e0 la pointe de cette \u00e9volution. C&rsquo;est pourquoi nous aimons vous tenir au courant des derni\u00e8res nouvelles, des nouveaux produits et des possibilit\u00e9s de personnalisation de votre cadeau d&rsquo;entreprise, de votre r\u00e9compense sportive ou de votre cadeau publicitaire !<\/p>\n<\/div><\/div><div class=\"w-separator size_medium\"><\/div><div class=\"wpb_text_column\"><div class=\"wpb_wrapper\"><h3>Inscrivez-vous \u00e0 notre newsletter !<\/h3>\n<p>Vous trouverez toujours les derni\u00e8res nouvelles dans cette section, et en vous inscrivant \u00e0 notre newsletter et en nous suivant sur les m\u00e9dias sociaux, vous serez toujours les premiers \u00e0 \u00eatre inform\u00e9s de tous les nouveaux d\u00e9veloppements !<\/p>\n<\/div><\/div><div class=\"w-separator size_medium\"><\/div>\n<div class=\"wpcf7 no-js\" id=\"wpcf7-f1564-o1\" lang=\"fr-FR\" dir=\"ltr\" data-wpcf7-id=\"1564\">\n<div class=\"screen-reader-response\"><p role=\"status\" aria-live=\"polite\" aria-atomic=\"true\"><\/p> <ul><\/ul><\/div>\n<form action=\"\/fr\/wp-json\/wp\/v2\/pages\/1380#wpcf7-f1564-o1\" method=\"post\" class=\"wpcf7-form init\" aria-label=\"Formulaire de contact\" novalidate=\"novalidate\" data-status=\"init\">\n<fieldset class=\"hidden-fields-container\"><input type=\"hidden\" name=\"_wpcf7\" value=\"1564\" \/><input type=\"hidden\" name=\"_wpcf7_version\" value=\"6.1.2\" \/><input type=\"hidden\" name=\"_wpcf7_locale\" value=\"fr_FR\" \/><input type=\"hidden\" name=\"_wpcf7_unit_tag\" value=\"wpcf7-f1564-o1\" \/><input type=\"hidden\" name=\"_wpcf7_container_post\" value=\"0\" \/><input type=\"hidden\" name=\"_wpcf7_posted_data_hash\" value=\"\" \/>\n<\/fieldset>\n<p><label> Votre adresse \u00e9lectronique<br \/>\n<span class=\"wpcf7-form-control-wrap\" data-name=\"your-email\"><input size=\"40\" maxlength=\"400\" class=\"wpcf7-form-control wpcf7-email wpcf7-validates-as-required wpcf7-text wpcf7-validates-as-email\" aria-required=\"true\" aria-invalid=\"false\" value=\"\" type=\"email\" name=\"your-email\" \/><\/span> <\/label>\n<\/p>\n<p><input class=\"wpcf7-form-control wpcf7-submit has-spinner\" type=\"submit\" value=\"Inschrijven\" \/>\n<\/p><div class=\"wpcf7-response-output\" aria-hidden=\"true\"><\/div>\n<\/form>\n<\/div>\n<\/div><\/div><\/div><div class=\"vc_col-sm-12 vc_col-md-3\/5 wpb_column vc_column_container\"><div class=\"vc_column-inner\"><div class=\"wpb_wrapper\"><div class=\"wpb_text_column\"><div class=\"wpb_wrapper\"><h3>Derni\u00e8res nouvelles<\/h3>\n<\/div><\/div><div class=\"w-separator size_medium\"><\/div><div class=\"w-grid type_grid layout_blog_flat hidden cols_2 pagination_regular overflow_hidden\" id=\"us_grid_1\" style=\"--columns:2;--gap:1rem;\" data-filterable=\"true\"><style>@media (max-width:600px){#us_grid_1{--columns:1!important}}.layout_blog_flat .w-grid-item-h{background:var(--color-content-bg);color:var(--color-content-text);box-shadow:0 0rem 0rem rgba(0,0,0,0.1),0 0rem 0rem rgba(0,0,0,0.1);transition-duration:0.3s}.no-touch .layout_blog_flat .w-grid-item-h:hover{box-shadow:0 0.15rem 0.3rem rgba(0,0,0,0.1),0 0.5rem 1.5rem rgba(0,0,0,0.15);z-index:4}.layout_blog_flat .usg_post_image_1{margin-bottom:-1rem!important}.layout_blog_flat .usg_vwrapper_1{padding:2.5rem!important}.layout_blog_flat .usg_post_title_1{font-size:1.2rem!important;font-weight:700!important}.layout_blog_flat .usg_hwrapper_2{color:var(--color-content-faded)!important;font-size:0.9rem!important}<\/style><div class=\"w-grid-list\"><\/div><div class=\"w-grid-preloader\">\t<div class=\"g-preloader type_1\">\r\n\t\t<div><\/div>\r\n\t<\/div>\r\n\t<\/div>\t<div class=\"w-grid-json hidden\" onclick='return {&quot;action&quot;:&quot;us_ajax_grid&quot;,&quot;infinite_scroll&quot;:0,&quot;max_num_pages&quot;:0,&quot;pagination&quot;:&quot;regular&quot;,&quot;template_vars&quot;:{&quot;columns&quot;:&quot;2&quot;,&quot;exclude_items&quot;:&quot;none&quot;,&quot;img_size&quot;:&quot;default&quot;,&quot;ignore_items_size&quot;:0,&quot;items_layout&quot;:&quot;blog_flat&quot;,&quot;items_offset&quot;:&quot;1&quot;,&quot;load_animation&quot;:&quot;none&quot;,&quot;overriding_link&quot;:&quot;{\\&quot;url\\&quot;:\\&quot;\\&quot;}&quot;,&quot;post_id&quot;:0,&quot;query_args&quot;:{&quot;post_type&quot;:[&quot;news&quot;],&quot;post_status&quot;:[&quot;publish&quot;,&quot;acf-disabled&quot;],&quot;posts_per_page&quot;:&quot;6&quot;},&quot;orderby_query_args&quot;:{&quot;orderby&quot;:{&quot;date&quot;:&quot;DESC&quot;}},&quot;type&quot;:&quot;grid&quot;,&quot;us_grid_post_type&quot;:&quot;news&quot;,&quot;us_grid_ajax_index&quot;:1,&quot;us_grid_filter_query_string&quot;:null,&quot;us_grid_index&quot;:1,&quot;page_args&quot;:[],&quot;lang&quot;:&quot;fr&quot;}}'><\/div>\r\n\t<\/div><div class=\"w-grid-none type_message\">We zijn bezig onze nieuwsrubriek te vernieuwen.<\/div><\/div><\/div><\/div><\/div><\/div><\/div><\/div><\/div><\/div><\/section>\n","protected":false},"excerpt":{"rendered":"Toujours quelque chose de nouveau chez Verkaik ! Le march\u00e9 des cadeaux d&rsquo;entreprise et des r\u00e9compenses sportives est dynamique et en constante \u00e9volution. La demande de solutions cr\u00e9atives et originales ne cesse de cro\u00eetre et Verkaik Cadeaux Promotionnels reste \u00e0 la pointe de cette \u00e9volution. C&rsquo;est pourquoi nous aimons vous tenir au courant des derni\u00e8res...","protected":false},"author":1,"featured_media":1283,"parent":0,"menu_order":0,"comment_status":"closed","ping_status":"closed","template":"","meta":{"_acf_changed":false,"_monsterinsights_skip_tracking":false,"_monsterinsights_sitenote_active":false,"_monsterinsights_sitenote_note":"","_monsterinsights_sitenote_category":0,"footnotes":""},"class_list":["post-1380","page","type-page","status-publish","has-post-thumbnail","hentry"],"acf":[],"_links":{"self":[{"href":"https:\/\/www.verkaik.nl\/fr\/wp-json\/wp\/v2\/pages\/1380","targetHints":{"allow":["GET"]}}],"collection":[{"href":"https:\/\/www.verkaik.nl\/fr\/wp-json\/wp\/v2\/pages"}],"about":[{"href":"https:\/\/www.verkaik.nl\/fr\/wp-json\/wp\/v2\/types\/page"}],"author":[{"embeddable":true,"href":"https:\/\/www.verkaik.nl\/fr\/wp-json\/wp\/v2\/users\/1"}],"replies":[{"embeddable":true,"href":"https:\/\/www.verkaik.nl\/fr\/wp-json\/wp\/v2\/comments?post=1380"}],"version-history":[{"count":0,"href":"https:\/\/www.verkaik.nl\/fr\/wp-json\/wp\/v2\/pages\/1380\/revisions"}],"wp:featuredmedia":[{"embeddable":true,"href":"https:\/\/www.verkaik.nl\/fr\/wp-json\/wp\/v2\/media\/1283"}],"wp:attachment":[{"href":"https:\/\/www.verkaik.nl\/fr\/wp-json\/wp\/v2\/media?parent=1380"}],"curies":[{"name":"wp","href":"https:\/\/api.w.org\/{rel}","templated":true}]}}