{"id":1421,"date":"2021-11-09T09:08:12","date_gmt":"2021-11-09T09:08:12","guid":{"rendered":"https:\/\/www.verkaik.nl\/cadeaux-daffaires\/"},"modified":"2023-02-19T15:35:12","modified_gmt":"2023-02-19T15:35:12","slug":"cadeaux-daffaires","status":"publish","type":"page","link":"https:\/\/www.verkaik.nl\/fr\/cadeaux-daffaires\/","title":{"rendered":"Cadeaux d&rsquo;affaires"},"content":{"rendered":"<section class=\"l-section wpb_row height_medium\"><div class=\"l-section-h i-cf\"><div class=\"g-cols vc_row via_flex valign_top type_default stacking_default\"><div class=\"vc_col-sm-12 vc_col-md-2\/5 wpb_column vc_column_container\"><div class=\"vc_column-inner\"><div class=\"wpb_wrapper\"><div class=\"wpb_text_column\"><div class=\"wpb_wrapper\"><h3>Vous recherchez des cadeaux d&rsquo;entreprise originaux avec logo ?<\/h3>\n<p>Alors, jetez un coup d&rsquo;\u0153il \u00e0 notre gamme ci-dessous ! Nous disposons d&rsquo;une gamme vari\u00e9e pour r\u00e9pondre \u00e0 vos besoins. Si vous cherchez des stylos imprim\u00e9s ou grav\u00e9s, de beaux v\u00eatements d&rsquo;entreprise imprim\u00e9s. Ou pensez aux c\u00e9ramiques, comme les tasses ou les verres, vous \u00eates au bon endroit chez Verkaik. N&rsquo;h\u00e9sitez pas \u00e0 parcourir les cat\u00e9gories de cadeaux d&rsquo;entreprise ci-dessous pour avoir un petit aper\u00e7u de notre gamme. Bien entendu, nous fournissons \u00e9galement des produits non imprim\u00e9s. Ensuite, si vous ne trouvez toujours pas un produit, n&rsquo;h\u00e9sitez pas \u00e0 nous contacter.<\/p>\n<p>Si vous souhaitez passer une commande, ou si vous souhaitez obtenir de plus amples informations, n&rsquo;h\u00e9sitez pas \u00e0 envoyer un e-mail, en utilisant le <a href=\"http:\/\/www.verkaik.nl\/contact\" target=\"_self\" rel=\"noopener noreferrer\"><strong>formulaire de contact<\/strong><\/a> en indiquant le type\/nom du produit et, si n\u00e9cessaire, le num\u00e9ro du produit.<\/p>\n<\/div><\/div><div class=\"w-separator size_medium\"><\/div><div class=\"wpb_text_column\"><div class=\"wpb_wrapper\"><h3>Directement vers notre boutique en ligne de cadeaux d&rsquo;entreprise ?<\/h3>\n<p>Dans notre boutique en ligne, nous proposons un large \u00e9ventail de cadeaux d&rsquo;entreprise dans toutes les cat\u00e9gories de produits imaginables. Avec un cadeau d&rsquo;entreprise de Verkaik, vous marquerez toujours des points et serez assur\u00e9 de recevoir une belle carte de visite.<\/p>\n<\/div><\/div><div class=\"w-btn-wrapper align_justify\"><a class=\"w-btn us-btn-style_1\" target=\"_blank\" rel=\"nofollow\" href=\"http:\/\/toppromogifts.nl\/\"><span class=\"w-btn-label\">Vers notre boutique en ligne de cadeaux d&rsquo;entreprise<\/span><\/a><\/div><div class=\"w-separator size_medium\"><\/div><div class=\"wpb_text_column\"><div class=\"wpb_wrapper\"><h3>Consultez nos catalogues<\/h3>\n<\/div><\/div><div class=\"w-separator size_medium\"><\/div><div class=\"w-hwrapper valign_top align_justify\" style=\"--hwrapper-gap:1rem\"><div class=\"w-image align_none\"><a title=\"Catalogue 2021\" target=\"_blank\" rel=\"nofollow\" href=\"https:\/\/viewer.ipaper.io\/CL\/nl\/cl\/catalogue-2021\/catalogue-2021-nlnoprices\/?page=1\" aria-label=\"#image_title\" class=\"w-image-h\"><img decoding=\"async\" width=\"300\" height=\"300\" src=\"https:\/\/www.verkaik.nl\/wp-content\/uploads\/2022\/05\/Catalogus-2021-300x300.jpg\" class=\"attachment-medium size-medium\" alt=\"\" loading=\"lazy\" srcset=\"https:\/\/www.verkaik.nl\/wp-content\/uploads\/2022\/05\/Catalogus-2021-300x300.jpg 300w, https:\/\/www.verkaik.nl\/wp-content\/uploads\/2022\/05\/Catalogus-2021-150x150.jpg 150w, https:\/\/www.verkaik.nl\/wp-content\/uploads\/2022\/05\/Catalogus-2021.jpg 800w\" sizes=\"auto, (max-width: 300px) 100vw, 300px\" \/><\/a><\/div><div class=\"w-image align_none\"><a title=\"Dynamiser votre marque\" target=\"_blank\" rel=\"nofollow\" href=\"https:\/\/viewer.ipaper.io\/CL\/boost-your-brand-2021\/nl\/boost-your-brand-2021-nl\/?page=1\" aria-label=\"#image_title\" class=\"w-image-h\"><img decoding=\"async\" width=\"300\" height=\"300\" src=\"https:\/\/www.verkaik.nl\/wp-content\/uploads\/2022\/05\/boost-brand-square-300x300.jpg\" class=\"attachment-medium size-medium\" alt=\"\" loading=\"lazy\" srcset=\"https:\/\/www.verkaik.nl\/wp-content\/uploads\/2022\/05\/boost-brand-square-300x300.jpg 300w, https:\/\/www.verkaik.nl\/wp-content\/uploads\/2022\/05\/boost-brand-square-150x150.jpg 150w, https:\/\/www.verkaik.nl\/wp-content\/uploads\/2022\/05\/boost-brand-square.jpg 800w\" sizes=\"auto, (max-width: 300px) 100vw, 300px\" \/><\/a><\/div><\/div><div class=\"w-separator size_medium\"><\/div><div class=\"w-btn-wrapper align_justify\"><a class=\"w-btn us-btn-style_1\" target=\"_blank\" rel=\"nofollow\" href=\"https:\/\/www.verkaik.nl\/wp-content\/uploads\/2022\/05\/Booster-en-Compact_ProductPriceList_NL.xls\"><span class=\"w-btn-label\">T\u00e9l\u00e9charger la liste de prix excel<\/span><\/a><\/div><\/div><\/div><\/div><div class=\"vc_col-sm-12 vc_col-md-3\/5 wpb_column vc_column_container\"><div class=\"vc_column-inner\"><div class=\"wpb_wrapper\"><div class=\"w-grid type_grid layout_545 hidden cols_3 valign_center overflow_hidden\" id=\"us_grid_1\" style=\"--columns:3;--gap:0.5rem;\" data-filterable=\"true\"><style>@media (max-width:1024px){#us_grid_1{--columns:2!important}}@media (max-width:600px){#us_grid_1{--columns:1!important}}@media (min-width:1024px){#us_grid_1 .w-post-elm.post_title{font-size:0.8rem!important}}.layout_545 .w-grid-item-h{background:var(--color-content-bg);color:var(--color-content-heading);border-radius:0.2rem;box-shadow:0 0.03rem 0.06rem rgba(0,0,0,0.1),0 0.1rem 0.3rem rgba(0,0,0,0.1);transition-duration:0.3s}.no-touch .layout_545 .w-grid-item-h:hover{box-shadow:0 0.12rem 0.24rem rgba(0,0,0,0.1),0 0.4rem 1.2rem rgba(0,0,0,0.15);z-index:4}.layout_545 .usg_post_title_1{font-size:1.5rem!important;padding:0.5rem 2rem 0.5rem 2rem!important}@media (min-width:1025px) and (max-width:1280px){.layout_545 .usg_post_title_1{font-size:1.2rem!important}}@media (min-width:601px) and (max-width:1024px){.layout_545 .usg_post_title_1{text-align:center!important;font-size:1rem!important}}@media (max-width:600px){.layout_545 .usg_post_title_1{text-align:inherit!important;font-size:1.5rem!important}}<\/style><div class=\"w-grid-list\"><\/div><div class=\"w-grid-preloader\">\t<div class=\"g-preloader type_1\">\r\n\t\t<div><\/div>\r\n\t<\/div>\r\n\t<\/div>\t<div class=\"w-grid-json hidden\" onclick='return {&quot;action&quot;:&quot;us_ajax_grid&quot;,&quot;infinite_scroll&quot;:0,&quot;max_num_pages&quot;:0,&quot;pagination&quot;:&quot;none&quot;,&quot;template_vars&quot;:{&quot;columns&quot;:&quot;3&quot;,&quot;exclude_items&quot;:&quot;none&quot;,&quot;img_size&quot;:&quot;default&quot;,&quot;ignore_items_size&quot;:0,&quot;items_layout&quot;:&quot;545&quot;,&quot;items_offset&quot;:&quot;1&quot;,&quot;load_animation&quot;:&quot;none&quot;,&quot;overriding_link&quot;:&quot;{\\&quot;url\\&quot;:\\&quot;\\&quot;}&quot;,&quot;post_id&quot;:0,&quot;query_args&quot;:{&quot;post_type&quot;:[&quot;dienst&quot;],&quot;tax_query&quot;:[{&quot;taxonomy&quot;:&quot;category&quot;,&quot;field&quot;:&quot;slug&quot;,&quot;terms&quot;:[&quot;cadeaux d&#039;entreprise&quot;]}],&quot;post_status&quot;:[&quot;publish&quot;,&quot;acf-disabled&quot;],&quot;posts_per_page&quot;:&quot;40&quot;},&quot;orderby_query_args&quot;:{&quot;orderby&quot;:&quot;RAND(1737819009)&quot;},&quot;type&quot;:&quot;grid&quot;,&quot;us_grid_post_type&quot;:&quot;dienst&quot;,&quot;us_grid_ajax_index&quot;:1,&quot;us_grid_filter_query_string&quot;:null,&quot;us_grid_index&quot;:1,&quot;page_args&quot;:[],&quot;lang&quot;:&quot;fr&quot;}}'><\/div>\r\n\t<\/div><\/div><\/div><\/div><\/div><\/div><\/section>\n","protected":false},"excerpt":{"rendered":"Vous recherchez des cadeaux d&rsquo;entreprise originaux avec logo ? Alors, jetez un coup d&rsquo;\u0153il \u00e0 notre gamme ci-dessous ! Nous disposons d&rsquo;une gamme vari\u00e9e pour r\u00e9pondre \u00e0 vos besoins. Si vous cherchez des stylos imprim\u00e9s ou grav\u00e9s, de beaux v\u00eatements d&rsquo;entreprise imprim\u00e9s. Ou pensez aux c\u00e9ramiques, comme les tasses ou les verres, vous \u00eates au...","protected":false},"author":1,"featured_media":941,"parent":0,"menu_order":0,"comment_status":"closed","ping_status":"open","template":"","meta":{"_acf_changed":false,"_monsterinsights_skip_tracking":false,"_monsterinsights_sitenote_active":false,"_monsterinsights_sitenote_note":"","_monsterinsights_sitenote_category":0,"footnotes":""},"class_list":["post-1421","page","type-page","status-publish","has-post-thumbnail","hentry"],"acf":[],"_links":{"self":[{"href":"https:\/\/www.verkaik.nl\/fr\/wp-json\/wp\/v2\/pages\/1421","targetHints":{"allow":["GET"]}}],"collection":[{"href":"https:\/\/www.verkaik.nl\/fr\/wp-json\/wp\/v2\/pages"}],"about":[{"href":"https:\/\/www.verkaik.nl\/fr\/wp-json\/wp\/v2\/types\/page"}],"author":[{"embeddable":true,"href":"https:\/\/www.verkaik.nl\/fr\/wp-json\/wp\/v2\/users\/1"}],"replies":[{"embeddable":true,"href":"https:\/\/www.verkaik.nl\/fr\/wp-json\/wp\/v2\/comments?post=1421"}],"version-history":[{"count":0,"href":"https:\/\/www.verkaik.nl\/fr\/wp-json\/wp\/v2\/pages\/1421\/revisions"}],"wp:featuredmedia":[{"embeddable":true,"href":"https:\/\/www.verkaik.nl\/fr\/wp-json\/wp\/v2\/media\/941"}],"wp:attachment":[{"href":"https:\/\/www.verkaik.nl\/fr\/wp-json\/wp\/v2\/media?parent=1421"}],"curies":[{"name":"wp","href":"https:\/\/api.w.org\/{rel}","templated":true}]}}