{"id":1431,"date":"2022-12-24T14:33:11","date_gmt":"2022-12-24T14:33:11","guid":{"rendered":"https:\/\/www.verkaik.nl\/prix-sportifs\/"},"modified":"2023-02-19T15:40:18","modified_gmt":"2023-02-19T15:40:18","slug":"prix-sportifs","status":"publish","type":"page","link":"https:\/\/www.verkaik.nl\/fr\/prix-sportifs\/","title":{"rendered":"Prix sportifs"},"content":{"rendered":"<section class=\"l-section wpb_row height_medium\"><div class=\"l-section-h i-cf\"><div class=\"g-cols vc_row via_flex valign_top type_default stacking_default\"><div class=\"vc_col-sm-12 vc_col-md-2\/5 wpb_column vc_column_container\"><div class=\"vc_column-inner\"><div class=\"wpb_wrapper\"><div class=\"wpb_text_column\"><div class=\"wpb_wrapper\"><h3 class=\"w-post-elm post_custom_field type_text\"><span class=\"w-post-elm-value\">Verkaik a toujours les meilleurs prix sportifs<\/span><\/h3>\n<p>Outre les r\u00e9compenses sportives plus standard, vous pouvez \u00e9galement choisir de commander des r\u00e9compenses sportives sp\u00e9ciales chez Verkaik Cadeaux Promotionnels \u00e0 Goes. Envisagez un prix pour l&rsquo;halt\u00e9rophilie ou le tir au pigeon d&rsquo;argile. Apr\u00e8s tout, m\u00eame dans ces sports, il est tr\u00e8s amusant de rentrer \u00e0 la maison avec une coupe si vous gagnez le match.<\/p>\n<\/div><\/div><div class=\"w-btn-wrapper align_justify\"><a class=\"w-btn us-btn-style_1\" target=\"_blank\" rel=\"nofollow\" href=\"https:\/\/trendsettingtrophies.co.uk\/bc\/harrie-verkaik\/\"><span class=\"w-btn-label\">Choisir les r\u00e9compenses sportives<\/span><\/a><\/div><div class=\"w-separator size_medium\"><\/div><div class=\"wpb_text_column\"><div class=\"wpb_wrapper\"><h3>Commandez vos r\u00e9compenses sportives pour les sports sp\u00e9ciaux<\/h3>\n<p>Chez nous, vous n&rsquo;avez pas seulement des gobelets pour les sports tels que <strong><a href=\"http:\/\/www.verkaik.nl\/voetbal-bekers-kopen\/\">le football<\/a><\/strong> et le golf, mais aussi la boxe, l&rsquo;escrime, le korfball et le triathlon. Lors de l&rsquo;organisation d&rsquo;une comp\u00e9tition, cela vous permet \u00e9galement de <strong><a href=\"http:\/\/www.verkaik.nl\/kampioensbeker-kopen\/\">r\u00e9compenser les vainqueurs de ces sports<\/a><\/strong> d&rsquo;une mani\u00e8re amusante. Cela r\u00e9compense le travail des laur\u00e9ats qui ont travaill\u00e9 si dur pour y parvenir. Et quoi de plus agr\u00e9able que de r\u00e9compenser quelqu&rsquo;un en lui offrant un joli prix du sport qu&rsquo;il pratique ? Que ce soit pour la course \u00e0 pied ou le tir au pigeon, nous avons <strong><a href=\"http:\/\/www.verkaik.nl\/medaille-laten-maken\/\">belles r\u00e9compenses sportives<\/a><\/strong> que vous pouvez facilement commander dans notre boutique en ligne.<\/p>\n<\/div><\/div><div class=\"w-separator size_medium\"><\/div><div class=\"wpb_text_column\"><div class=\"wpb_wrapper\"><h3>R\u00e9compensez les efforts fournis et commandez une belle r\u00e9compense sportive.<\/h3>\n<p>Si vous souhaitez r\u00e9compenser le travail de vos \u00e9tudiants, co\u00e9quipiers ou athl\u00e8tes, il est temps de commander de magnifiques r\u00e9compenses sportives dans notre boutique en ligne. Les cat\u00e9gories sont clairement divis\u00e9es par sport. Vous trouverez donc rapidement un prix convenable. Vous ne l&rsquo;avez toujours pas fait ? Ou bien vous souhaitez parler \u00e0 l&rsquo;un de nos collaborateurs ? Bien s\u00fbr que vous pouvez ! Il suffit d&rsquo;appeler ou d&rsquo;envoyer un courriel et nous trouverons une solution ensemble !<\/p>\n<\/div><\/div><div class=\"w-separator size_medium\"><\/div><\/div><\/div><\/div><div class=\"vc_col-sm-12 vc_col-md-3\/5 wpb_column vc_column_container\"><div class=\"vc_column-inner\"><div class=\"wpb_wrapper\"><div class=\"w-grid type_grid layout_545 hidden cols_3 valign_center overflow_hidden\" id=\"us_grid_1\" style=\"--columns:3;--gap:0.5rem;\" data-filterable=\"true\"><style>@media (max-width:1024px){#us_grid_1{--columns:2!important}}@media (max-width:600px){#us_grid_1{--columns:1!important}}@media (min-width:1024px){#us_grid_1 .w-post-elm.post_title{font-size:0.8rem!important}}.layout_545 .w-grid-item-h{background:var(--color-content-bg);color:var(--color-content-heading);border-radius:0.2rem;box-shadow:0 0.03rem 0.06rem rgba(0,0,0,0.1),0 0.1rem 0.3rem rgba(0,0,0,0.1);transition-duration:0.3s}.no-touch .layout_545 .w-grid-item-h:hover{box-shadow:0 0.12rem 0.24rem rgba(0,0,0,0.1),0 0.4rem 1.2rem rgba(0,0,0,0.15);z-index:4}.layout_545 .usg_post_title_1{font-size:1.5rem!important;padding:0.5rem 2rem 0.5rem 2rem!important}@media (min-width:1025px) and (max-width:1280px){.layout_545 .usg_post_title_1{font-size:1.2rem!important}}@media (min-width:601px) and (max-width:1024px){.layout_545 .usg_post_title_1{text-align:center!important;font-size:1rem!important}}@media (max-width:600px){.layout_545 .usg_post_title_1{text-align:inherit!important;font-size:1.5rem!important}}<\/style><div class=\"w-grid-list\"><\/div><div class=\"w-grid-preloader\">\t<div class=\"g-preloader type_1\">\r\n\t\t<div><\/div>\r\n\t<\/div>\r\n\t<\/div>\t<div class=\"w-grid-json hidden\" onclick='return {&quot;action&quot;:&quot;us_ajax_grid&quot;,&quot;infinite_scroll&quot;:0,&quot;max_num_pages&quot;:0,&quot;pagination&quot;:&quot;none&quot;,&quot;template_vars&quot;:{&quot;columns&quot;:&quot;3&quot;,&quot;exclude_items&quot;:&quot;none&quot;,&quot;img_size&quot;:&quot;default&quot;,&quot;ignore_items_size&quot;:0,&quot;items_layout&quot;:&quot;545&quot;,&quot;items_offset&quot;:&quot;1&quot;,&quot;load_animation&quot;:&quot;none&quot;,&quot;overriding_link&quot;:&quot;{\\&quot;url\\&quot;:\\&quot;\\&quot;}&quot;,&quot;post_id&quot;:0,&quot;query_args&quot;:{&quot;post_type&quot;:[&quot;dienst&quot;],&quot;tax_query&quot;:[{&quot;taxonomy&quot;:&quot;post_tag&quot;,&quot;field&quot;:&quot;slug&quot;,&quot;terms&quot;:[&quot;prix sportifs&quot;]}],&quot;post_status&quot;:[&quot;publish&quot;,&quot;acf-disabled&quot;],&quot;posts_per_page&quot;:&quot;40&quot;},&quot;orderby_query_args&quot;:{&quot;orderby&quot;:&quot;RAND(321065849)&quot;},&quot;type&quot;:&quot;grid&quot;,&quot;us_grid_post_type&quot;:&quot;dienst&quot;,&quot;us_grid_ajax_index&quot;:1,&quot;us_grid_filter_query_string&quot;:null,&quot;us_grid_index&quot;:1,&quot;page_args&quot;:[],&quot;lang&quot;:&quot;fr&quot;}}'><\/div>\r\n\t<\/div><\/div><\/div><\/div><\/div><\/div><\/section>\n","protected":false},"excerpt":{"rendered":"Verkaik a toujours les meilleurs prix sportifs Outre les r\u00e9compenses sportives plus standard, vous pouvez \u00e9galement choisir de commander des r\u00e9compenses sportives sp\u00e9ciales chez Verkaik Cadeaux Promotionnels \u00e0 Goes. Envisagez un prix pour l&rsquo;halt\u00e9rophilie ou le tir au pigeon d&rsquo;argile. Apr\u00e8s tout, m\u00eame dans ces sports, il est tr\u00e8s amusant de rentrer \u00e0 la maison...","protected":false},"author":1,"featured_media":941,"parent":0,"menu_order":0,"comment_status":"closed","ping_status":"open","template":"","meta":{"_acf_changed":false,"_monsterinsights_skip_tracking":false,"_monsterinsights_sitenote_active":false,"_monsterinsights_sitenote_note":"","_monsterinsights_sitenote_category":0,"footnotes":""},"class_list":["post-1431","page","type-page","status-publish","has-post-thumbnail","hentry"],"acf":[],"_links":{"self":[{"href":"https:\/\/www.verkaik.nl\/fr\/wp-json\/wp\/v2\/pages\/1431","targetHints":{"allow":["GET"]}}],"collection":[{"href":"https:\/\/www.verkaik.nl\/fr\/wp-json\/wp\/v2\/pages"}],"about":[{"href":"https:\/\/www.verkaik.nl\/fr\/wp-json\/wp\/v2\/types\/page"}],"author":[{"embeddable":true,"href":"https:\/\/www.verkaik.nl\/fr\/wp-json\/wp\/v2\/users\/1"}],"replies":[{"embeddable":true,"href":"https:\/\/www.verkaik.nl\/fr\/wp-json\/wp\/v2\/comments?post=1431"}],"version-history":[{"count":0,"href":"https:\/\/www.verkaik.nl\/fr\/wp-json\/wp\/v2\/pages\/1431\/revisions"}],"wp:featuredmedia":[{"embeddable":true,"href":"https:\/\/www.verkaik.nl\/fr\/wp-json\/wp\/v2\/media\/941"}],"wp:attachment":[{"href":"https:\/\/www.verkaik.nl\/fr\/wp-json\/wp\/v2\/media?parent=1431"}],"curies":[{"name":"wp","href":"https:\/\/api.w.org\/{rel}","templated":true}]}}